{"id":6968,"date":"2024-07-15T15:54:32","date_gmt":"2024-07-15T15:54:32","guid":{"rendered":"https:\/\/studio-online.nl\/datenschutz\/"},"modified":"2024-10-16T13:07:11","modified_gmt":"2024-10-16T13:07:11","slug":"datenschutz","status":"publish","type":"page","link":"https:\/\/studio-online.nl\/de\/datenschutz\/","title":{"rendered":"Datenschutz"},"content":{"rendered":"\t\t<div data-elementor-type=\"wp-page\" data-elementor-id=\"6968\" class=\"elementor elementor-6968 elementor-3\" data-elementor-post-type=\"page\">\n\t\t\t\t<div class=\"elementor-element elementor-element-2b8d387 e-flex e-con-boxed e-con e-parent\" data-id=\"2b8d387\" data-element_type=\"container\" data-e-type=\"container\" data-settings=\"{&quot;background_background&quot;:&quot;classic&quot;}\">\n\t\t\t\t\t<div class=\"e-con-inner\">\n\t\t\t\t<div class=\"elementor-element elementor-element-5fca1d28 elementor-widget elementor-widget-heading\" data-id=\"5fca1d28\" data-element_type=\"widget\" data-e-type=\"widget\" data-widget_type=\"heading.default\">\n\t\t\t\t<div class=\"elementor-widget-container\">\n\t\t\t\t\t<h1 class=\"elementor-heading-title elementor-size-default\">Datenschutz<\/h1>\t\t\t\t<\/div>\n\t\t\t\t<\/div>\n\t\t\t\t\t<\/div>\n\t\t\t\t<\/div>\n\t\t<div class=\"elementor-element elementor-element-55b84fac e-flex e-con-boxed e-con e-parent\" data-id=\"55b84fac\" data-element_type=\"container\" data-e-type=\"container\" data-settings=\"{&quot;background_background&quot;:&quot;classic&quot;}\">\n\t\t\t\t\t<div class=\"e-con-inner\">\n\t\t<div class=\"elementor-element elementor-element-22e0c5df e-con-full e-flex e-con e-child\" data-id=\"22e0c5df\" data-element_type=\"container\" data-e-type=\"container\" data-settings=\"{&quot;background_background&quot;:&quot;classic&quot;}\">\n\t\t\t\t<div class=\"elementor-element elementor-element-2e9c9491 elementor-widget__width-initial elementor-widget elementor-widget-text-editor\" data-id=\"2e9c9491\" data-element_type=\"widget\" data-e-type=\"widget\" data-widget_type=\"text-editor.default\">\n\t\t\t\t<div class=\"elementor-widget-container\">\n\t\t\t\t\t\t\t\t\t<p>Studio-Online respektiert die Privatsph\u00e4re der Besucher seiner Website. Diese Datenschutzerkl\u00e4rung bezieht sich auf alle Personen, die die Dienste von Studio-Online nutzen. <\/p>\n<p><strong>1.<\/strong> <br>K<strong>ontaktinformationen<\/strong> Studio-Online B.V. \/ Adresse: Cruquiusweg 98 P, 1019AJ Amsterdam, die Niederlande \/ Telefonnummer: +31 (0)20-2442540 \/ E-Mail-Adresse: info@studio-online.nl<\/p>\n<p><strong>2.<\/strong> <br>Z<strong>wecke und Rechtsgrundlage der Verarbeitung<\/strong> Einige Daten, die wir verwenden, sind f\u00fcr funktionale Zwecke erforderlich, z.B. bei der Erstellung einer Rechnung nach der Bestellung unserer Dienstleistungen. Hierf\u00fcr st\u00fctzen wir uns auf die Grundlage &#8218;Erforderlich f\u00fcr die Erf\u00fcllung eines Vertrags&#8216;, in \u00dcbereinstimmung mit den von der Beh\u00f6rde f\u00fcr personenbezogene Daten genannten Grundlagen. Andere Daten werden nur dann erhoben, wenn Sie durch die Annahme der Cookie-Benachrichtigung Ihre Zustimmung geben. Diese Daten werden f\u00fcr Marketingzwecke (wenn sich ein Kunde daf\u00fcr anmeldet) und strategische Zwecke (Verbesserung unserer Dienstleistungen und der Website) verwendet. Wir werden niemals Daten ohne Ihre Zustimmung an Dritte weitergeben, es sei denn, es gibt eine rechtliche Grundlage daf\u00fcr. Nachstehend finden Sie eine genauere Erkl\u00e4rung, welche Daten wir verarbeiten und wof\u00fcr wir diese Daten ben\u00f6tigen.     <\/p>\n<ul>\n<li><strong>2.1 Analytics<\/strong> Um die Website zu verbessern, verwendet Studio-Online Google Analytics als Messinstrument. Diese Statistiken sind anonym und k\u00f6nnen daher nicht auf einzelne Personen zur\u00fcckgef\u00fchrt werden. Wir verwenden diese Statistiken nur, um Trends zu erkennen.  <\/li>\n<li><strong>2.2 Formulare<\/strong> Die Website enth\u00e4lt mehrere Formulare, mit denen Sie schnell Informationen anfordern k\u00f6nnen. Wir behandeln die \u00fcbermittelten Daten mit gro\u00dfer Sorgfalt und verwenden sie nur f\u00fcr den im Formular beschriebenen Zweck. Auch wenn Sie uns eine E-Mail mit einer Frage schicken, werden wir Ihre Daten mit Sorgfalt behandeln und nur zur Beantwortung Ihrer Frage verwenden.  <\/li>\n<li><strong>2.3 E-Mail-Newsletter<\/strong> \u00dcber diese Website k\u00f6nnen Sie sich f\u00fcr den kostenlosen Newsletter von Studio-Online anmelden. Hierf\u00fcr ben\u00f6tigen wir Ihren Namen und Ihre E-Mail-Adresse. Diese Daten werden nur f\u00fcr den Versand des Newsletters verwendet. In jedem Newsletter finden Sie einen pers\u00f6nlichen Abmeldelink, mit dem Sie Ihr Abonnement sofort beenden k\u00f6nnen. F\u00fcr den Versand des Newsletters wird der E-Mail-Dienst MailChimp verwendet, mit dem vereinbart wurde, dass auch er die Regeln f\u00fcr Auftragsverarbeiter gem\u00e4\u00df den Regeln von AVG einh\u00e4lt.    <\/li>\n<li><strong>2.4 Registrierung und Bestellungen<\/strong> Um eine Bestellung auf unserer Website aufzugeben, ben\u00f6tigen wir Daten von Ihnen. Wir speichern diese Daten verschl\u00fcsselt auf einem sicheren Server in einem Rechenzentrum. <\/li>\n<li><strong>2.5 HotJar<\/strong> Dieses Programm wird verwendet, um das Verhalten der Besucher zu beobachten, ohne pers\u00f6nliche Daten zu sammeln. Dies geschieht, um Einblicke in das Verhalten der Besucher auf der Website und in das, was ihnen begegnet, zu gewinnen. Anhand dieser Erkenntnisse k\u00f6nnen Verbesserungen vorgenommen werden.  <\/li>\n<\/ul>\n<p><strong>3.<\/strong> <br>C<strong>ookies<\/strong> Diese Website verwendet einige Cookies. Ein Cookie ist eine einfache kleine Datei, die mit den Seiten dieser Website verschickt und vom Browser auf der Festplatte Ihres Computers gespeichert wird. Die darin gespeicherten Informationen k\u00f6nnen bei einem sp\u00e4teren Besuch an unsere Server zur\u00fcckgeschickt werden. Wir verwenden Cookies, um die unter Punkt 2 genannten Zwecke zu erf\u00fcllen. Cookies werden auch verwendet, um die Funktionalit\u00e4t der Website aufrechtzuerhalten.    <\/p>\n<p><strong>4.<\/strong> <br>K<strong>ategorien von Empf\u00e4ngern pers\u00f6nlicher Daten der Kunden von Studio-Online<\/strong> Studio-Online verwendet eine Zahlungsanwendung, die zur Verarbeitung von Zahlungsdaten dient. Mit einer Mailing-Anwendung verarbeitet Studio-Online E-Mail-Adressen, um Mailings zu versenden. Studio-Online arbeitet mit Partnerunternehmen in Indien und Kambodscha zusammen. Diese Unternehmen verarbeiten anonymisierte Bilder f\u00fcr bestimmte Auftr\u00e4ge.   <\/p>\n<p><strong>5.<\/strong> <br>A<strong>ufbewahrungsfristen<\/strong> Studio-Online bewahrt Protokolldaten f\u00fcr maximal 1 Jahr auf. Eingereichte Bilder f\u00fcr maximal sechs Monate. Pers\u00f6nliche Daten, wie sie im Profil registriert sind, bleiben erhalten, bis der Kontoinhaber selbst anzeigt, dass er sie l\u00f6schen oder \u00e4ndern m\u00f6chte. Die Daten von HotJar, Google Analytics und MailChimp werden gem\u00e4\u00df den von diesen Unternehmen festgelegten Aufbewahrungsfristen aufbewahrt und k\u00f6nnen auf Anfrage per E-Mail, wie oben angegeben, oder durch Kontaktaufnahme mit diesen Unternehmen gel\u00f6scht werden. Zahlungsdaten\/Rechnungsdaten werden gem\u00e4\u00df den gesetzlichen Aufbewahrungsfristen aufbewahrt.    <\/p>\n<p><strong>6.<\/strong> <br>R<strong>echte der betroffenen Personen<\/strong> Als Kunde von Studio-Online haben Sie die folgenden Datenschutzrechte:<\/p>\n<ul>\n<li>Das Recht auf \u00dcbermittlung personenbezogener Daten<\/li>\n<li>Das Recht auf Vergessen<\/li>\n<li>Das Recht auf Zugang zu den verarbeiteten pers\u00f6nlichen Daten<\/li>\n<li>Recht auf L\u00f6schung, \u00c4nderung oder Erg\u00e4nzung personenbezogener Daten<\/li>\n<li>Das Recht auf ein menschliches Auge bei Entscheidungen<\/li>\n<li>Das Recht auf Widerspruch<\/li>\n<li>Das Recht auf klare Informationen dar\u00fcber, was mit pers\u00f6nlichen Daten geschieht<\/li>\n<\/ul>\n<p><strong>7.<\/strong> <br>V<strong>erpflichtung zur Weitergabe pers\u00f6nlicher Daten<\/strong> F\u00fcr die erfolgreiche Erbringung unserer Dienstleistungen sind Sie verpflichtet, uns beim Kauf einer Dienstleistung\/eines Produkts bestimmte pers\u00f6nliche Daten mitzuteilen. Wenn Sie einen Newsletter erhalten m\u00f6chten, sind Sie verpflichtet, Ihre Zustimmung unter Angabe Ihrer E-Mail-Adresse zu erteilen. <\/p>\n<p><strong>8.<\/strong> <br>A<strong>utomatisierte Entscheidungsfindung<\/strong> Wir treffen automatisierte Einstellungsentscheidungen f\u00fcr Kundenbestellungen in dem Moment, in dem eine Zahlung vom Kunden genehmigt wird. Der Kunde kann sich \u00fcber die Website f\u00fcr den Newsletter oder andere Mailings anmelden. Die E-Mail-Daten werden automatisch in das Mailing-Programm aufgenommen, bis der Kunde sich wieder abmeldet.  <\/p>\n<p><strong>9.<\/strong> <br>F<strong>ragen\/Beschwerden<\/strong> Haben Sie eine Frage zu den Datenschutzbestimmungen von Studio-Online? Dann<a href=\"https:\/\/studio-online.nl\/contact\/\"> kontaktieren Sie<\/a> uns bitte. <\/p>\t\t\t\t\t\t\t\t<\/div>\n\t\t\t\t<\/div>\n\t\t\t\t<\/div>\n\t\t\t\t\t<\/div>\n\t\t\t\t<\/div>\n\t\t\t\t<\/div>\n\t\t","protected":false},"excerpt":{"rendered":"<p>Studio-Online respektiert die Privatsph\u00e4re der Besucher seiner Website. Diese Datenschutzerkl\u00e4rung bezieht sich auf alle Personen, die die Dienste von Studio-Online nutzen. 1. Kontaktinformationen Studio-Online B.V. \/ Adresse: Cruquiusweg 98 P, 1019AJ Amsterdam, die Niederlande \/ Telefonnummer: +31 (0)20-2442540 \/ E-Mail-Adresse: info@studio-online.nl 2. Zwecke und Rechtsgrundlage der Verarbeitung Einige Daten, die wir verwenden, sind f\u00fcr funktionale [&hellip;]<\/p>\n","protected":false},"author":1,"featured_media":0,"parent":0,"menu_order":0,"comment_status":"closed","ping_status":"closed","template":"","meta":{"_acf_changed":false,"footnotes":""},"class_list":["post-6968","page","type-page","status-publish","hentry"],"acf":[],"_links":{"self":[{"href":"https:\/\/studio-online.nl\/de\/wp-json\/wp\/v2\/pages\/6968","targetHints":{"allow":["GET"]}}],"collection":[{"href":"https:\/\/studio-online.nl\/de\/wp-json\/wp\/v2\/pages"}],"about":[{"href":"https:\/\/studio-online.nl\/de\/wp-json\/wp\/v2\/types\/page"}],"author":[{"embeddable":true,"href":"https:\/\/studio-online.nl\/de\/wp-json\/wp\/v2\/users\/1"}],"replies":[{"embeddable":true,"href":"https:\/\/studio-online.nl\/de\/wp-json\/wp\/v2\/comments?post=6968"}],"version-history":[{"count":1,"href":"https:\/\/studio-online.nl\/de\/wp-json\/wp\/v2\/pages\/6968\/revisions"}],"predecessor-version":[{"id":6971,"href":"https:\/\/studio-online.nl\/de\/wp-json\/wp\/v2\/pages\/6968\/revisions\/6971"}],"wp:attachment":[{"href":"https:\/\/studio-online.nl\/de\/wp-json\/wp\/v2\/media?parent=6968"}],"curies":[{"name":"wp","href":"https:\/\/api.w.org\/{rel}","templated":true}]}}