{"id":7158,"date":"2024-07-15T18:15:50","date_gmt":"2024-07-15T18:15:50","guid":{"rendered":"https:\/\/studio-online.nl\/allgemeine-bedingungen-und-konditionen\/"},"modified":"2025-07-29T07:09:35","modified_gmt":"2025-07-29T07:09:35","slug":"allgemeine-bedingungen-und-konditionen","status":"publish","type":"page","link":"https:\/\/studio-online.nl\/de\/allgemeine-bedingungen-und-konditionen\/","title":{"rendered":"Allgemeine Bedingungen und Konditionen"},"content":{"rendered":"\t\t<div data-elementor-type=\"wp-page\" data-elementor-id=\"7158\" class=\"elementor elementor-7158 elementor-80\" data-elementor-post-type=\"page\">\n\t\t\t\t<div class=\"elementor-element elementor-element-3c4c8666 e-flex e-con-boxed e-con e-parent\" data-id=\"3c4c8666\" data-element_type=\"container\" data-e-type=\"container\" data-settings=\"{&quot;background_background&quot;:&quot;classic&quot;}\">\n\t\t\t\t\t<div class=\"e-con-inner\">\n\t\t\t\t<div class=\"elementor-element elementor-element-62b81702 elementor-widget elementor-widget-heading\" data-id=\"62b81702\" data-element_type=\"widget\" data-e-type=\"widget\" data-widget_type=\"heading.default\">\n\t\t\t\t<div class=\"elementor-widget-container\">\n\t\t\t\t\t<h1 class=\"elementor-heading-title elementor-size-default\">Allgemeine Bedingungen und Konditionen<\/h1>\t\t\t\t<\/div>\n\t\t\t\t<\/div>\n\t\t\t\t\t<\/div>\n\t\t\t\t<\/div>\n\t\t<div class=\"elementor-element elementor-element-d10f727 e-flex e-con-boxed e-con e-parent\" data-id=\"d10f727\" data-element_type=\"container\" data-e-type=\"container\" data-settings=\"{&quot;background_background&quot;:&quot;classic&quot;}\">\n\t\t\t\t\t<div class=\"e-con-inner\">\n\t\t<div class=\"elementor-element elementor-element-b27eaf9 e-con-full e-flex e-con e-child\" data-id=\"b27eaf9\" data-element_type=\"container\" data-e-type=\"container\" data-settings=\"{&quot;background_background&quot;:&quot;classic&quot;}\">\n\t\t\t\t<div class=\"elementor-element elementor-element-35bf559 elementor-widget__width-initial elementor-widget elementor-widget-text-editor\" data-id=\"35bf559\" data-element_type=\"widget\" data-e-type=\"widget\" data-widget_type=\"text-editor.default\">\n\t\t\t\t<div class=\"elementor-widget-container\">\n\t\t\t\t\t\t\t\t\t<h2>Artikel 1. Allgemeine Bedingungen und Konditionen <\/h2>\n<ul>\n<li><strong>Artikel 1.1<\/strong> Diese allgemeinen Gesch\u00e4ftsbedingungen bilden die Grundlage, auf der Studio-Online die auf der Website studio-online.nl (lies: Website) und in anderen Werbematerialien beworbenen grafischen Dienstleistungen f\u00fcr den Kunden erbringt.<\/li>\n<li><strong>Artikel 1.2<\/strong> Studio-Online beh\u00e4lt sich das Recht vor, diese Allgemeinen Gesch\u00e4ftsbedingungen jederzeit nach eigenem Ermessen zu \u00e4ndern und\/oder zu erg\u00e4nzen. Die neuen allgemeinen Gesch\u00e4ftsbedingungen treten ab dem Zeitpunkt der Ver\u00f6ffentlichung auf der Website in Kraft. <\/li>\n<li><strong>Artikel 1.3<\/strong> In dem Moment, in dem ein Kunde die Website nutzt, ein Konto einrichtet, eine Bestellung aufgibt oder eine der Dienstleistungen in Anspruch nimmt, bedeutet dies, dass er den allgemeinen Gesch\u00e4ftsbedingungen zustimmt.<\/li>\n<li><strong>Artikel 1.4<\/strong> Mit der Aufgabe einer Bestellung erkl\u00e4rt der Kunde, dass er sich ausschlie\u00dflich von den hier aufgef\u00fchrten allgemeinen Gesch\u00e4ftsbedingungen leiten l\u00e4sst.<\/li>\n<li><strong>Artikel 1.5<\/strong> Studio-Online tut sein Bestes, um sicherzustellen, dass alle Informationen auf der Website fehlerfrei und korrekt sind, beh\u00e4lt sich jedoch das Recht vor, den Inhalt und die Informationen auf der Website jederzeit zu \u00e4ndern. Alle Informationen auf der Website werden in dem Zustand angeboten, in dem sich Studio-Online tats\u00e4chlich befindet, und ohne jegliche (implizite) Garantie oder Gew\u00e4hrleistung hinsichtlich ihrer Verf\u00fcgbarkeit, Tauglichkeit, Eignung f\u00fcr einen bestimmten Zweck oder anderweitig. <\/li>\n<\/ul>\n<h2>Artikel 2: Dienstleistungen <\/h2>\n<ul>\n<li><strong>Artikel 2.1<\/strong>\n<ul>\n<li>Freistehend (Alphakan\u00e4le mit Aussparungen)<\/li>\n<li>Retouchieren<\/li>\n<li>Styling<\/li>\n<li>Optimieren Sie<\/li>\n<li>Farbbearbeitung<\/li>\n<li>Konvertierung und Bearbeitung von Grafikdateien<\/li>\n<\/ul>\n<p>Studio-Online arbeitet immer zerst\u00f6rungsfrei, beh\u00e4lt die urspr\u00fcnglichen Spezifikationen der Datei(en) bei und f\u00fcgt seine Dienste der Originaldatei hinzu, es sei denn, der Kunde hat in den Kontoeinstellungen etwas anderes angegeben (und Studio-Online hat dem zugestimmt).<\/p>\n<\/li>\n<li><strong>Artikel 2.2<\/strong> Studio-Online erbringt die Dienstleistungen unter Verwendung von Standardsoftware und -methoden, wie sie in der Druckvorstufenindustrie \u00fcblich sind.\n<ul>\n<li><strong>Artikel 2.2.1<\/strong> Der Kunde bietet eine Grafikdatei oder mehrere Dateien \u00fcber Studio-Online an. Die standardm\u00e4\u00dfig akzeptierten Dateiformate sind: JPEG, PSD, TIFF, EPS und PNG-24. Auf Anfrage werden auch PDF- und RAW-Dateien akzeptiert, mit einer maximalen Dateigr\u00f6\u00dfe von 100 MB.  <\/li>\n<li><strong>Artikel 2.2.2<\/strong> Nach Eingang eines Auftrags \u00fcberpr\u00fcft Studio-Online automatisch die gelieferten Dateien und stellt fest, ob der Auftrag angenommen werden kann. Au\u00dferdem pr\u00fcft Studio-Online die vom Kunden angegebene Komplexit\u00e4t und bewertet deren Richtigkeit. Das System teilt dem Kunden mit, ob der Auftrag angenommen wird. Wenn keine Annahme erfolgt, wird der Auftrag storniert und das Guthaben mit dem entsprechenden Auftragssaldo aufgef\u00fcllt. Der Kunde wird per E-Mail benachrichtigt.    <\/li>\n<li><strong>Artikel 2.2.3<\/strong> Guthaben k\u00f6nnen mit einer der folgenden Zahlungsmethoden erworben werden: per iDeal, PayPal, MasterCard, Visa, Giropay, Sofort oder Bancontact\/Mister Cash. Alle Guthaben sind in Euro angegeben. <\/li>\n<li><strong>Artikel 2.2.4<\/strong> Studio-Online h\u00e4lt den Kunden per E-Mail \u00fcber den Fortschritt auf dem Laufenden und informiert ihn, wenn das Endprodukt im System zur weiteren Bearbeitung bereit ist. Der Status des Auftrags kann auch \u00fcber das Dashboard verfolgt werden. Wenn der Auftrag fertig ist, kann er \u00fcber das Dashboard auch heruntergeladen werden.  <\/li><li><b>Artikel 2.2.5<\/b> Gutschriften und Restgutschriften sind nicht gegen Bargeld eintauschbar.<\/li>\n<\/ul>\n<\/li>\n<li><strong>Artikel 2.3<\/strong> Studio-Online beh\u00e4lt sich das Recht vor, eine Bestellung ohne Angabe von Gr\u00fcnden abzulehnen. Studio-Online akzeptiert keine Bilder mit pornografischem Inhalt. <\/li>\n<li><strong>Artikel 2.4<\/strong> Die Stornierung einer Bestellung ist m\u00f6glich, wenn dies Studio-Online innerhalb von 60 Minuten nach Eingabe der Bestellung mitgeteilt wird. Nach diesem Zeitpunkt wird die Bestellung automatisch bearbeitet und kann nicht mehr storniert werden. <\/li>\n<li><strong>Artikel 2.5<\/strong> Die auf der Website angegebenen Lieferzeiten sind Richtzeiten und Studio-Online kann nicht f\u00fcr Verz\u00f6gerungen verantwortlich gemacht werden. Studio-Online ist auch nicht f\u00fcr Verz\u00f6gerungen verantwortlich, die durch Dinge verursacht werden, die au\u00dferhalb der Kontrolle von Studio-Online liegen. Studio-Online wird den Kunden so schnell wie m\u00f6glich \u00fcber jede Verz\u00f6gerung informieren. Die Zahlung bleibt auch dann f\u00e4llig, wenn Studio-Online nicht in der Lage ist, die angek\u00fcndigten Lieferzeiten innerhalb eines angemessenen Zeitraums einzuhalten.   <\/li>\n<li><strong>Artikel 2.6<\/strong> Alle Preise und Tarife, wie sie auf der Website aufgef\u00fchrt sind, k\u00f6nnen ohne Vorank\u00fcndigung ge\u00e4ndert werden, um Preiserh\u00f6hungen f\u00fcr Studio-Online auszugleichen. Studio-Online wird sich bem\u00fchen, den Kunden auf eventuelle Preiserh\u00f6hungen deutlich hinzuweisen, bevor der Kunde eine Bestellung aufgibt. <\/li>\n<li><strong>Artikel 2.7<\/strong> Studio-Online ist bestrebt, rechtm\u00e4\u00dfige Kreditkarteninhaber und\/oder Personen, die die in Artikel 2.2.3 beschriebenen angebotenen Zahlungsmethoden nutzen, vor Betrug und Scams zu sch\u00fctzen. Studio-Online wird daher immer die zust\u00e4ndigen Beh\u00f6rden informieren, wenn es den Anschein hat, dass jemand eine Zahlungsmethode unrechtm\u00e4\u00dfig nutzt. <\/li>\n<\/ul>\n<h2>Artikel 3: Gew\u00e4hrleistung und Haftung <\/h2>\n<ul>\n<li><strong>Artikel 3.1<\/strong> Der Kunde erkl\u00e4rt, dass alle Daten, die er Studio-Online f\u00fcr einen Kauf oder eine Bestellung bei Studio-Online zur Verf\u00fcgung stellt, korrekt sind und dass die Credits oder die Mittel zum Erwerb dieser Credits Eigentum des Kunden sind. Studio-Online beh\u00e4lt sich das Recht vor, diese Angaben zu \u00fcberpr\u00fcfen, bevor Arbeiten oder Endprodukte geliefert werden. <\/li>\n<li><strong>Artikel 3.2<\/strong> Wenn ein Alphakanal oder ein Beschneidungspfad die Erwartungen nicht vollst\u00e4ndig erf\u00fcllt, wird Studio-Online ihn im Einvernehmen mit dem Kunden kostenlos nachliefern. Studio-Online kommt dem Kunden nur auf diese Weise entgegen und entsch\u00e4digt ihn in keinem Fall auf andere Weise. Studio-Online wird dies nur tun, wenn sich herausstellt, dass der Schaden durch die Handlungen von Studio-Online verursacht wurde, und \u00fcbernimmt keine Haftung, wenn der Schaden auf andere Weise verursacht wurde oder wenn der Schaden trotz strikter Einhaltung der Anweisungen des Kunden entstanden ist.  <\/li>\n<li><strong>Artikel 3.3<\/strong> Jede Reklamation aufgrund einer fehlerhaften oder mangelhaften Datei muss Studio-Online innerhalb von 7 Tagen mitgeteilt werden. Nach Ablauf dieser Frist geht Studio-Online davon aus, dass der Kunde die Endprodukte akzeptiert hat. <\/li>\n<li><strong>Artikel 3.4<\/strong> Studio-Online unternimmt alle Anstrengungen, um sicherzustellen, dass die Website jederzeit zug\u00e4nglich ist. Dennoch kann Studio-Online nicht garantieren, dass die Website kontinuierlich und fehlerfrei funktioniert. Studio-Online ist nicht haftbar, wenn die Website (vor\u00fcbergehend) nicht verf\u00fcgbar ist.  <\/li>\n<li><strong>Artikel 3.5<\/strong> Studio-Online schlie\u00dft jegliche Haftung f\u00fcr direkte oder indirekte Sch\u00e4den jeglicher Art aus, die sich aus der Website ergeben oder in irgendeiner Weise mit ihr zusammenh\u00e4ngen.<\/li>\n<li><strong>Artikel 3.6<\/strong> Die maximale Gesamthaftung in Bezug auf eine aufgegebene Bestellung \u00fcbersteigt niemals den Wert der Bestellung oder den Betrag, der an Studio-Online in Bezug auf die Bestellung gezahlt wurde. Nichts in diesen Allgemeinen Gesch\u00e4ftsbedingungen kann als Ausnahme von der in Artikel 3 und dar\u00fcber hinaus formulierten Haftung ausgelegt werden. <\/li>\n<li><strong>Artikel 3.7<\/strong> Das Endprodukt, eine bearbeitete Datei, bleibt f\u00fcr den Kunden bis 30 Tage nach dem Tag des Uploads zum Herunterladen zug\u00e4nglich. Studio-Online haftet nicht f\u00fcr Ursachen, die das Herunterladen verz\u00f6gern oder unm\u00f6glich machen. Ein konkretes Beispiel ist eine verz\u00f6gerte E-Mail-Bearbeitung seitens des Kunden oder das Vers\u00e4umnis, eine Benachrichtigung von Studio-Online aufgrund von Spam-Filtern zu bemerken\/zu empfangen.  <\/li>\n<\/ul>\n<h2>Artikel 4: Eigentumsrecht <\/h2>\n<ul>\n<li><strong>Artikel 4.1<\/strong> Der Kunde erkl\u00e4rt, dass er oder sein Bevollm\u00e4chtigter befugt ist, Studio-Online Auftr\u00e4ge und die dazugeh\u00f6rigen Grafikdateien zur Verf\u00fcgung zu stellen. Der Kunde garantiert, dass die von ihm angebotenen Auftr\u00e4ge und die damit zusammenh\u00e4ngenden Grafikdateien bzw. deren Bearbeitung, Anpassung oder Vervielf\u00e4ltigung nicht gegen die (geistigen) (Eigentums-)Rechte Dritter oder gegen gesetzliche Vorschriften, die \u00f6ffentliche Ordnung, die guten Sitten oder das, was in der Gesellschaft nach den Regeln des ungeschriebenen Rechts akzeptabel ist, versto\u00dfen, und der Kunde stellt Studio-Online vollst\u00e4ndig von allen m\u00f6glichen Anspr\u00fcchen in dieser Hinsicht frei. <\/li>\n<li><strong>Artikel 4.2<\/strong> Der Name Studio-Online ist als Marke von Studio-Online eingetragen und darf nicht ohne vorherige schriftliche Genehmigung verwendet werden. Alle anderen Markennamen, die auf der Website verwendet werden, sind das Eigentum ihrer jeweiligen Inhaber. <\/li>\n<li><strong>Artikel 4.3<\/strong> Nach der Bezahlung und dem anschlie\u00dfenden Herunterladen des Endprodukts, das sich auf die Bestellung bezieht, geht das Eigentum von Studio-Online automatisch auf den Kunden \u00fcber. Solange keine Zahlung erfolgt ist, bleiben die Rechte in den H\u00e4nden von Studio-Online. <\/li>\n<\/ul>\n<h2>Artikel 5: Erkl\u00e4rung zum Datenschutz <\/h2>\n<ul>\n<li><strong>Artikel 5.1<\/strong> Vor der ersten Bestellung muss sich der Kunde mit seinem (Firmen-)Namen, seiner E-Mail-Adresse und anderen pers\u00f6nlichen und\/oder gesch\u00e4ftlichen Angaben registrieren, die Studio-Online f\u00fcr die ordnungsgem\u00e4\u00dfe Bearbeitung der Bestellungen ben\u00f6tigt.<\/li>\n<li><strong>Artikel 5.2<\/strong> Studio-Online verwendet diese Daten ausschlie\u00dflich f\u00fcr die Korrespondenz, die Unterst\u00fctzung bei den Auftr\u00e4gen und f\u00fcr die \u00dcbermittlung von Marketingaktivit\u00e4ten und Newslettern \u00fcber Studio-Online. Der Kunde kann sich jederzeit abmelden, indem er eine E-Mail an help@studio-online.nl schickt. <\/li>\n<li><strong>Artikel 5.3<\/strong> Alle Daten, die der Kunde Studio-Online zur Verf\u00fcgung stellt, werden vertraulich behandelt und nur f\u00fcr eigene Zwecke verwendet. Studio-Online wird die Daten niemals an Dritte verkaufen oder weitergeben, mit Ausnahme von gesch\u00e4ftlichen Angelegenheiten. <\/li>\n<\/ul>\n<h2>Artikel 6: Sicherheit <\/h2>\n<ul>\n<li><strong>Artikel 6.1<\/strong> Der Kunde erkl\u00e4rt, dass er f\u00fcr die Sicherheit seiner Computersysteme, Hardware, Software und Dateien oder derjenigen von Dritten, die Zugang zu seinen Computersystemen haben, verantwortlich ist. Dar\u00fcber hinaus erkl\u00e4rt der Kunde, dass er daf\u00fcr verantwortlich ist, dass die Dateien, die er auf die Website hochl\u00e4dt oder von ihr herunterl\u00e4dt, frei von Viren, W\u00fcrmern, Trojanern oder anderen b\u00f6sartigen Codes sind. <\/li>\n<li><strong>Artikel 6.2<\/strong> Studio-Online ergreift angemessene Sicherheitsma\u00dfnahmen, um sicherzustellen, dass Unbefugte keinen Zugriff auf die elektronisch an Studio-Online oder die Website gesendeten Daten haben. Studio-Online kann dies jedoch nicht garantieren und ist daher nicht haftbar, wenn es dennoch dazu kommt. Der Kunde nimmt daher das Risiko in Kauf, dass Unbefugte dennoch Daten abfangen oder verwenden k\u00f6nnen.  <\/li>\n<li><strong>Artikel 6.3<\/strong> Studio-Online verwendet Cookies, um Benutzer der Website zu registrieren und die Website f\u00fcr diese Benutzer zu personalisieren. Studio-Online sammelt Benutzerinformationen, um die Erbringung der Dienstleistungen und Produkte zu erm\u00f6glichen. <\/li>\n<\/ul>\n<h2>Artikel 7: Verbote <\/h2>\n<p>Es ist verboten:<\/p>\n<ul>\n<li><strong>Artikel 7.1<\/strong> Der Versuch, auf nicht-\u00f6ffentliche Teile des Computersystems von Studio-Online oder seiner Lieferanten und Partner zuzugreifen, diese zu ver\u00e4ndern oder zu nutzen.<\/li>\n<li><strong>Artikel 7.2<\/strong> Der Versuch, die Schwachstellen des Computersystems von Studio-Online oder seines Netzwerks zu erforschen oder die Zugangskontrolle und Sicherheitsma\u00dfnahmen zu umgehen.<\/li>\n<li><strong>Klausel 7.3<\/strong> Der Versuch, Teile oder das gesamte System von Studio-Online, das f\u00fcr die Erbringung der Dienstleistungen erforderlich ist, zu entschl\u00fcsseln, zu zerlegen oder zu zerlegen.<\/li>\n<li><strong>Abschnitt 7.4<\/strong> Der Versuch, die Zugriffskontrolle eines Benutzers, eines Hosts oder eines Netzwerks zu st\u00f6ren, insbesondere durch das Versenden eines Virus oder durch \u00dcberlastung, \u00dcberflutung, Spamming oder E-Mail-Bombardierung von Studio-Online.<\/li>\n<li><strong>Abschnitt 7.5<\/strong> Vorgeben, jemand anderes zu sein oder vorgeben, mit einem Unternehmen oder einer Organisation verbunden zu sein, obwohl dies nicht der Fall ist.<\/li>\n<\/ul>\n<h2>Artikel 8 . Vertraulichkeit <\/h2>\n<ul>\n<li><strong>Artikel 8.1<\/strong> Beide Parteien vereinbaren, dass alle Informationen vertraulicher Natur (einschlie\u00dflich Gesch\u00e4ftsgeheimnisse und Informationen mit gesch\u00e4ftlichem Interesse), die eine Partei der anderen mitteilt, nicht ohne vorherige schriftliche Zustimmung f\u00fcr den eigenen Gebrauch oder zur Weitergabe verwendet werden d\u00fcrfen. Die Ausnahme sind Informationen, die als \u00f6ffentliche Informationen bekannt sind. <\/li>\n<\/ul>\n<h2>Artikel 9. Sonstiges <\/h2>\n<ul>\n<li><strong>Artikel 9.1<\/strong> Studio-Online wird pers\u00f6nliche und gesch\u00e4ftliche Daten niemals ohne vorherige Genehmigung an Dritte weitergeben. Studio-Online wird die gesammelten Informationen ausschlie\u00dflich f\u00fcr eigene Werbe- und Marketingzwecke und zur Ausf\u00fchrung von Auftr\u00e4gen verwenden. <\/li>\n<li><strong>Artikel 9.2<\/strong> Die in den Allgemeinen Gesch\u00e4ftsbedingungen beschriebenen Rechte und Pflichten sind ausschlie\u00dflich f\u00fcr den Kunden bestimmt und k\u00f6nnen nicht auf Dritte \u00fcbertragen werden.<\/li>\n<li><strong>Artikel 9.3<\/strong> Sollte eine Bestimmung der Allgemeinen Gesch\u00e4ftsbedingungen durch ein Gerichtsurteil f\u00fcr ung\u00fcltig befunden werden, so ber\u00fchrt dies nicht die G\u00fcltigkeit des gesamten Vertrags.<\/li>\n<li><strong>Artikel 9.4<\/strong> Keine der Parteien haftet f\u00fcr die Verletzung der Allgemeinen Gesch\u00e4ftsbedingungen im Falle h\u00f6herer Gewalt.<\/li>\n<li><strong>Artikel 9.5<\/strong> Gerichtsurteile zu einem bestimmten Punkt der Allgemeinen Gesch\u00e4ftsbedingungen geben nicht das Recht, diese Urteile auf sp\u00e4tere Verst\u00f6\u00dfe gegen denselben Punkt oder einen anderen Punkt der Allgemeinen Gesch\u00e4ftsbedingungen anzuwenden.<\/li>\n<li><strong>Artikel 9.6<\/strong> Alle unter diesen Bedingungen geschlossenen Vertr\u00e4ge unterliegen dem niederl\u00e4ndischen Recht. Der Kunde erkl\u00e4rt, die Urteile des zust\u00e4ndigen niederl\u00e4ndischen Gerichts zu akzeptieren. <\/li>\n<\/ul>\n<h2>Artikel 10. Streitfall <\/h2>\n<ul>\n<li><strong>Artikel 10.1<\/strong> Im Falle einer Streitigkeit zwischen dem Kunden und Studio-Online wird Studio-Online ein unabh\u00e4ngiges Gutachten eines von Studio-Online zu benennenden Sachverst\u00e4ndigen dar\u00fcber einholen, ob eine Grafikdatei korrekt bearbeitet wurde oder ob sie neu bearbeitet werden muss. Entscheidet der Sachverst\u00e4ndige, dass die Datei nachbearbeitet werden muss, wird sie von Studio-Online kostenlos nachbearbeitet. Entscheidet der Sachverst\u00e4ndige, dass die Datei korrekt bearbeitet wurde, bleibt die Zahlungspflicht bestehen.  <\/li>\n<\/ul>\n<h2>Artikel 11. Bedingungen und Konditionen 25 \u20ac Gratis-Guthaben <\/h2>\n<ul>\n<li><strong>Artikel 11.1<\/strong> Sch\u00f6n, dass Sie unsere Dienste ausprobieren m\u00f6chten! Nat\u00fcrlich m\u00f6chten wir Ihnen den Einstieg erleichtern. Deshalb erhalten Sie als neuer Benutzer eine einmalige Gutschrift von \u20ac 25. Es gelten die folgenden Bedingungen:   \n<ul>\n<li>Der Betrag von 25 \u20ac enth\u00e4lt keine Mehrwertsteuer.<\/li>\n<li>Der kostenlose Kredit gilt nur f\u00fcr Unternehmen.<\/li>\n<li>Sie k\u00f6nnen das kostenlose Guthaben nur f\u00fcr Standardaufgaben in der Webanwendung von Studio-Online verwenden. F\u00fcr ma\u00dfgeschneiderte Aufgaben treffen wir mit Ihnen auf der Grundlage eines Briefings entsprechende Vereinbarungen. In diesem Fall k\u00f6nnen Sie das kostenlose Guthaben nicht in Anspruch nehmen.  <\/li>\n<li>Sie haben nur einmal Anspruch auf das kostenlose Guthaben. Wenn Sie dieses Recht missbrauchen, indem Sie z.B. mehrere Konten anlegen, beh\u00e4lt sich Studio-Online das Recht vor, das kostenlose Guthaben und alle damit get\u00e4tigten Bestellungen ohne Angabe von Gr\u00fcnden zu l\u00f6schen. <\/li>\n<li>Das kostenlose Guthaben oder Restguthaben kann nicht in Bargeld und\/oder Bankgeld umgetauscht werden.<\/li>\n<\/ul>\n<\/li>\n<\/ul>\t\t\t\t\t\t\t\t<\/div>\n\t\t\t\t<\/div>\n\t\t\t\t<\/div>\n\t\t\t\t\t<\/div>\n\t\t\t\t<\/div>\n\t\t\t\t<\/div>\n\t\t","protected":false},"excerpt":{"rendered":"<p>Artikel 1. Allgemeine Bedingungen und Konditionen Artikel 1.1 Diese allgemeinen Gesch\u00e4ftsbedingungen bilden die Grundlage, auf der Studio-Online die auf der Website studio-online.nl (lies: Website) und in anderen Werbematerialien beworbenen grafischen Dienstleistungen f\u00fcr den Kunden erbringt. Artikel 1.2 Studio-Online beh\u00e4lt sich das Recht vor, diese Allgemeinen Gesch\u00e4ftsbedingungen jederzeit nach eigenem Ermessen zu \u00e4ndern und\/oder zu erg\u00e4nzen. [&hellip;]<\/p>\n","protected":false},"author":1,"featured_media":0,"parent":0,"menu_order":0,"comment_status":"closed","ping_status":"closed","template":"","meta":{"_acf_changed":false,"footnotes":""},"class_list":["post-7158","page","type-page","status-publish","hentry"],"acf":[],"_links":{"self":[{"href":"https:\/\/studio-online.nl\/de\/wp-json\/wp\/v2\/pages\/7158","targetHints":{"allow":["GET"]}}],"collection":[{"href":"https:\/\/studio-online.nl\/de\/wp-json\/wp\/v2\/pages"}],"about":[{"href":"https:\/\/studio-online.nl\/de\/wp-json\/wp\/v2\/types\/page"}],"author":[{"embeddable":true,"href":"https:\/\/studio-online.nl\/de\/wp-json\/wp\/v2\/users\/1"}],"replies":[{"embeddable":true,"href":"https:\/\/studio-online.nl\/de\/wp-json\/wp\/v2\/comments?post=7158"}],"version-history":[{"count":2,"href":"https:\/\/studio-online.nl\/de\/wp-json\/wp\/v2\/pages\/7158\/revisions"}],"predecessor-version":[{"id":7856,"href":"https:\/\/studio-online.nl\/de\/wp-json\/wp\/v2\/pages\/7158\/revisions\/7856"}],"wp:attachment":[{"href":"https:\/\/studio-online.nl\/de\/wp-json\/wp\/v2\/media?parent=7158"}],"curies":[{"name":"wp","href":"https:\/\/api.w.org\/{rel}","templated":true}]}}